{"id":1110,"date":"2019-10-03T14:40:07","date_gmt":"2019-10-03T12:40:07","guid":{"rendered":"http:\/\/horcmzp.cluster121.hosting.ovh.net\/legal-information\/"},"modified":"2026-03-30T09:18:43","modified_gmt":"2026-03-30T07:18:43","slug":"legal-information","status":"publish","type":"page","link":"https:\/\/www.hotel-tumulus.com\/en\/legal-information\/","title":{"rendered":"Legal Information"},"content":{"rendered":"\n<h3 class=\"wp-block-heading\">Informations g\u00e9n\u00e9rales<\/h3>\n\n\n\n<p>Le site\u00a0<a href=\"https:\/\/www.hotel-tumulus.com\/\">https:\/\/www.hotel-tumulus.com\/<\/a>\u00a0est \u00e9dit\u00e9 par : HOTEL DU TUMULUS\u00a0immatricul\u00e9e au RCS de Lorient\u00a0sous le num\u00e9ro B 353 906 803 Si\u00e8ge social : 31 Rue du Tumulus 56340 CARNAC Capital social : 1 560 000.00 \u20ac N\u00b0 TVA Intracomunnautaire :\u00a0FR 34353906803 Siret : 35390680300013 APE :\u00a05510Z<\/p>\n\n\n\n<p>Responsable de la publication : Arnaud MAUGUIN<\/p>\n\n\n\n<p>T\u00e9l\u00e9phone : 02 97 52 08 21\r\nE-mail :&nbsp;<a href=\"mailto:info@horcmzp.cluster121.hosting.ovh.net\">info[a]hotel-tumulus.com<\/a><\/p>\n\n\n\n<h3 class=\"wp-block-heading\">Informations techniques<\/h3>\n\n\n\n<p>Il est rappel\u00e9 que le secret des correspondances n&#8217;est pas garanti sur le r\u00e9seau Internet et qu&#8217;il appartient \u00e0 chaque utilisateur d&#8217;Internet de prendre toutes les mesures appropri\u00e9es de fa\u00e7on \u00e0 prot\u00e9ger ses propres donn\u00e9es et\/ou logiciels de la contamination d&#8217;\u00e9ventuels virus circulant sur Internet.<\/p>\n\n\n\n<p><\/p>\n\n\n\n<h3 class=\"wp-block-heading\">Charte \u00e9ditoriale<\/h3>\n\n\n\n<p>Le site\u00a0<a href=\"https:\/\/www.hotel-tumulus.com\/\">https:\/\/www.hotel-tumulus.com\/<\/a>\u00a0est un site de pr\u00e9sentation des services propos\u00e9s par Marie-Guenaelle WILHELM BAILLOUD. Il est compl\u00e9t\u00e9 par des outils de simulation. Les informations fournies dans ce site ne sont donn\u00e9es qu&#8217;\u00e0 titre indicatif. Adresse : 31 Rue du Tumulus 56340 CARNAC Tel. : 02 97 52 08 21 ADRESSE MAIL : info[a]hotel-tumulus.com<\/p>\n\n\n\n<p><\/p>\n\n\n\n<h3 class=\"wp-block-heading\">Protection des donn\u00e9es personnelles<\/h3>\n\n\n\n<p>Les informations personnelles que nous collectons sur la page &#8220;contact&#8221; ou lorsque vous remplissez un contrat de r\u00e9servation, sont destin\u00e9es \u00e0 mieux r\u00e9pondre \u00e0 vos demandes, et sont obligatoires afin d&#8217;honorer l&#8217;\u00e9tablissement du contrat. Celles-ci sont trait\u00e9es par l&#8217;Hotel le Tumulus ou ses prestataires commerciaux concern\u00e9s par la gestion de la r\u00e9servation ou \u00e0 la fourniture de ses prestations&nbsp; (notamment les plateformes de r\u00e9servations en ligne, l&#8217;ex\u00e9cution et le suivi des contrats de r\u00e9servation (pr\u00e9-r\u00e9servation, communication d&#8217;informations, facturations, paiements) puis le suivi de la relation client (gestion des r\u00e9clamations, prospections, promotions, statistiques commerciales et enqu\u00eate de satisfaction).<\/p>\n\n\n\n<p>Conform\u00e9ment \u00e0 la loi informatique et libert\u00e9 n\u00b078-17, et au r\u00e8glement Europ\u00e9en sur la protection des donn\u00e9es (RGPD), le client dispose \u00e0 tout moment d&#8217;un droit d&#8217;acc\u00e8s, de modification, de rectification et de suppression concernant les donn\u00e9es collect\u00e9es sur ce site.<\/p>\n\n\n\n<p>Pour l&#8217;exercer, adressez-vous par courrier au gestionnaire du site, \u00e0 l&#8217;adresse suivante :<\/p>\n\n\n\n<p>H\u00f4tel Le Tumulus\r\n31 Rue du Tumulus\r\n56340 CARNAC<\/p>\n\n\n\n<p>Pour toutes informations compl\u00e9mentaires, nous vous invitons \u00e0 vous rendre sur la page &#8220;Politique de confidentialit\u00e9&#8221; sur notre site Internet.<\/p>\n\n\n\n<p><\/p>\n\n\n\n<h3 class=\"wp-block-heading\">Droits d&#8217;auteurs<\/h3>\n\n\n\n<p>La reproduction ou repr\u00e9sentation, int\u00e9grale ou partielle, des pages, des donn\u00e9es et de tout autre \u00e9l\u00e9ment constitutif au site, par quelque proc\u00e9d\u00e9 ou support que ce soit, est interdite et constitue sans autorisation une contrefa\u00e7on pouvant engager la responsabilit\u00e9 civile et p\u00e9nale du contrefacteur.<\/p>\n\n\n\n<p><\/p>\n\n\n\n<h3 class=\"wp-block-heading\">Auteur<\/h3>\n\n\n\n<p>Le site a \u00e9t\u00e9 r\u00e9alis\u00e9 par :<\/p>\n\n\n\n<p>Le site a \u00e9t\u00e9 cr\u00e9\u00e9 par : Heureuses \u2013 Agence web 4 all\u00e9e Joseph Loth 56000 VANNES <a href=\"\/\">HEUREUSES<\/a> 02 57 62 05 60 N\u00b0SIRET 82281789600019<\/p>\n\n\n\n<p>Ce site est h\u00e9berg\u00e9 par OVH : www.ovh.com\r\n\r\n<\/p>\n\n\n\n<p>.<\/p>\n","protected":false},"excerpt":{"rendered":"<p>Informations g\u00e9n\u00e9rales Le site\u00a0https:\/\/www.hotel-tumulus.com\/\u00a0est \u00e9dit\u00e9 par : HOTEL DU TUMULUS\u00a0immatricul\u00e9e au RCS de Lorient\u00a0sous le num\u00e9ro B 353 906 803 Si\u00e8ge social : 31 Rue du Tumulus 56340 CARNAC Capital social : 1 560 000.00 \u20ac N\u00b0 TVA Intracomunnautaire :\u00a0FR [&#8230;]<\/p>\n<p><a class=\"btn btn-secondary understrap-read-more-link\" href=\"https:\/\/www.hotel-tumulus.com\/en\/legal-information\/\">Read More&#8230;<\/a><\/p>\n","protected":false},"author":5,"featured_media":0,"parent":0,"menu_order":13,"comment_status":"closed","ping_status":"closed","template":"page-templates\/mentions.php","meta":{"_acf_changed":false,"footnotes":""},"class_list":["post-1110","page","type-page","status-publish","hentry"],"acf":[],"yoast_head":"<!-- This site is optimized with the Yoast SEO plugin v27.4 - https:\/\/yoast.com\/product\/yoast-seo-wordpress\/ -->\n<title>Legal Information - Le Tumulus Carnac<\/title>\n<meta name=\"robots\" content=\"index, follow, max-snippet:-1, max-image-preview:large, max-video-preview:-1\" \/>\n<link rel=\"canonical\" href=\"https:\/\/www.hotel-tumulus.com\/en\/legal-information\/\" \/>\n<meta property=\"og:locale\" content=\"en_US\" \/>\n<meta property=\"og:type\" content=\"article\" \/>\n<meta property=\"og:title\" content=\"Legal Information - Le Tumulus Carnac\" \/>\n<meta property=\"og:description\" content=\"Informations g\u00e9n\u00e9rales Le site\u00a0https:\/\/www.hotel-tumulus.com\/\u00a0est \u00e9dit\u00e9 par : HOTEL DU TUMULUS\u00a0immatricul\u00e9e au RCS de Lorient\u00a0sous le num\u00e9ro B 353 906 803 Si\u00e8ge social : 31 Rue du Tumulus 56340 CARNAC Capital social : 1 560 000.00 \u20ac N\u00b0 TVA Intracomunnautaire :\u00a0FR [...]Read More...\" \/>\n<meta property=\"og:url\" content=\"https:\/\/www.hotel-tumulus.com\/en\/legal-information\/\" \/>\n<meta property=\"og:site_name\" content=\"Le Tumulus Carnac\" \/>\n<meta property=\"article:modified_time\" content=\"2026-03-30T07:18:43+00:00\" \/>\n<meta name=\"twitter:card\" content=\"summary_large_image\" \/>\n<meta name=\"twitter:label1\" content=\"Est. reading time\" \/>\n\t<meta name=\"twitter:data1\" content=\"3 minutes\" \/>\n<script type=\"application\/ld+json\" class=\"yoast-schema-graph\">{\"@context\":\"https:\\\/\\\/schema.org\",\"@graph\":[{\"@type\":\"WebPage\",\"@id\":\"https:\\\/\\\/www.hotel-tumulus.com\\\/en\\\/legal-information\\\/\",\"url\":\"https:\\\/\\\/www.hotel-tumulus.com\\\/en\\\/legal-information\\\/\",\"name\":\"Legal Information - Le Tumulus Carnac\",\"isPartOf\":{\"@id\":\"https:\\\/\\\/www.hotel-tumulus.com\\\/en\\\/#website\"},\"datePublished\":\"2019-10-03T12:40:07+00:00\",\"dateModified\":\"2026-03-30T07:18:43+00:00\",\"breadcrumb\":{\"@id\":\"https:\\\/\\\/www.hotel-tumulus.com\\\/en\\\/legal-information\\\/#breadcrumb\"},\"inLanguage\":\"en-US\",\"potentialAction\":[{\"@type\":\"ReadAction\",\"target\":[\"https:\\\/\\\/www.hotel-tumulus.com\\\/en\\\/legal-information\\\/\"]}]},{\"@type\":\"BreadcrumbList\",\"@id\":\"https:\\\/\\\/www.hotel-tumulus.com\\\/en\\\/legal-information\\\/#breadcrumb\",\"itemListElement\":[{\"@type\":\"ListItem\",\"position\":1,\"name\":\"Home\",\"item\":\"https:\\\/\\\/www.hotel-tumulus.com\\\/en\\\/\"},{\"@type\":\"ListItem\",\"position\":2,\"name\":\"Legal Information\"}]},{\"@type\":\"WebSite\",\"@id\":\"https:\\\/\\\/www.hotel-tumulus.com\\\/en\\\/#website\",\"url\":\"https:\\\/\\\/www.hotel-tumulus.com\\\/en\\\/\",\"name\":\"Le Tumulus Carnac\",\"description\":\"H\u00f4tel 3 Etoiles Carnac - Morbihan - France\",\"publisher\":{\"@id\":\"https:\\\/\\\/www.hotel-tumulus.com\\\/en\\\/#organization\"},\"potentialAction\":[{\"@type\":\"SearchAction\",\"target\":{\"@type\":\"EntryPoint\",\"urlTemplate\":\"https:\\\/\\\/www.hotel-tumulus.com\\\/en\\\/?s={search_term_string}\"},\"query-input\":{\"@type\":\"PropertyValueSpecification\",\"valueRequired\":true,\"valueName\":\"search_term_string\"}}],\"inLanguage\":\"en-US\"},{\"@type\":\"Organization\",\"@id\":\"https:\\\/\\\/www.hotel-tumulus.com\\\/en\\\/#organization\",\"name\":\"H\u00f4tel Restaurant le Tumulus\",\"url\":\"https:\\\/\\\/www.hotel-tumulus.com\\\/en\\\/\",\"logo\":{\"@type\":\"ImageObject\",\"inLanguage\":\"en-US\",\"@id\":\"https:\\\/\\\/www.hotel-tumulus.com\\\/en\\\/#\\\/schema\\\/logo\\\/image\\\/\",\"url\":\"http:\\\/\\\/www.hotel-tumulus.com\\\/wp-content\\\/uploads\\\/2019\\\/09\\\/favicon.png\",\"contentUrl\":\"http:\\\/\\\/www.hotel-tumulus.com\\\/wp-content\\\/uploads\\\/2019\\\/09\\\/favicon.png\",\"width\":512,\"height\":512,\"caption\":\"H\u00f4tel Restaurant le Tumulus\"},\"image\":{\"@id\":\"https:\\\/\\\/www.hotel-tumulus.com\\\/en\\\/#\\\/schema\\\/logo\\\/image\\\/\"}}]}<\/script>\n<!-- \/ Yoast SEO plugin. -->","yoast_head_json":{"title":"Legal Information - Le Tumulus Carnac","robots":{"index":"index","follow":"follow","max-snippet":"max-snippet:-1","max-image-preview":"max-image-preview:large","max-video-preview":"max-video-preview:-1"},"canonical":"https:\/\/www.hotel-tumulus.com\/en\/legal-information\/","og_locale":"en_US","og_type":"article","og_title":"Legal Information - Le Tumulus Carnac","og_description":"Informations g\u00e9n\u00e9rales Le site\u00a0https:\/\/www.hotel-tumulus.com\/\u00a0est \u00e9dit\u00e9 par : HOTEL DU TUMULUS\u00a0immatricul\u00e9e au RCS de Lorient\u00a0sous le num\u00e9ro B 353 906 803 Si\u00e8ge social : 31 Rue du Tumulus 56340 CARNAC Capital social : 1 560 000.00 \u20ac N\u00b0 TVA Intracomunnautaire :\u00a0FR [...]Read More...","og_url":"https:\/\/www.hotel-tumulus.com\/en\/legal-information\/","og_site_name":"Le Tumulus Carnac","article_modified_time":"2026-03-30T07:18:43+00:00","twitter_card":"summary_large_image","twitter_misc":{"Est. reading time":"3 minutes"},"schema":{"@context":"https:\/\/schema.org","@graph":[{"@type":"WebPage","@id":"https:\/\/www.hotel-tumulus.com\/en\/legal-information\/","url":"https:\/\/www.hotel-tumulus.com\/en\/legal-information\/","name":"Legal Information - Le Tumulus Carnac","isPartOf":{"@id":"https:\/\/www.hotel-tumulus.com\/en\/#website"},"datePublished":"2019-10-03T12:40:07+00:00","dateModified":"2026-03-30T07:18:43+00:00","breadcrumb":{"@id":"https:\/\/www.hotel-tumulus.com\/en\/legal-information\/#breadcrumb"},"inLanguage":"en-US","potentialAction":[{"@type":"ReadAction","target":["https:\/\/www.hotel-tumulus.com\/en\/legal-information\/"]}]},{"@type":"BreadcrumbList","@id":"https:\/\/www.hotel-tumulus.com\/en\/legal-information\/#breadcrumb","itemListElement":[{"@type":"ListItem","position":1,"name":"Home","item":"https:\/\/www.hotel-tumulus.com\/en\/"},{"@type":"ListItem","position":2,"name":"Legal Information"}]},{"@type":"WebSite","@id":"https:\/\/www.hotel-tumulus.com\/en\/#website","url":"https:\/\/www.hotel-tumulus.com\/en\/","name":"Le Tumulus Carnac","description":"H\u00f4tel 3 Etoiles Carnac - Morbihan - France","publisher":{"@id":"https:\/\/www.hotel-tumulus.com\/en\/#organization"},"potentialAction":[{"@type":"SearchAction","target":{"@type":"EntryPoint","urlTemplate":"https:\/\/www.hotel-tumulus.com\/en\/?s={search_term_string}"},"query-input":{"@type":"PropertyValueSpecification","valueRequired":true,"valueName":"search_term_string"}}],"inLanguage":"en-US"},{"@type":"Organization","@id":"https:\/\/www.hotel-tumulus.com\/en\/#organization","name":"H\u00f4tel Restaurant le Tumulus","url":"https:\/\/www.hotel-tumulus.com\/en\/","logo":{"@type":"ImageObject","inLanguage":"en-US","@id":"https:\/\/www.hotel-tumulus.com\/en\/#\/schema\/logo\/image\/","url":"http:\/\/www.hotel-tumulus.com\/wp-content\/uploads\/2019\/09\/favicon.png","contentUrl":"http:\/\/www.hotel-tumulus.com\/wp-content\/uploads\/2019\/09\/favicon.png","width":512,"height":512,"caption":"H\u00f4tel Restaurant le Tumulus"},"image":{"@id":"https:\/\/www.hotel-tumulus.com\/en\/#\/schema\/logo\/image\/"}}]}},"_links":{"self":[{"href":"https:\/\/www.hotel-tumulus.com\/en\/wp-json\/wp\/v2\/pages\/1110","targetHints":{"allow":["GET"]}}],"collection":[{"href":"https:\/\/www.hotel-tumulus.com\/en\/wp-json\/wp\/v2\/pages"}],"about":[{"href":"https:\/\/www.hotel-tumulus.com\/en\/wp-json\/wp\/v2\/types\/page"}],"author":[{"embeddable":true,"href":"https:\/\/www.hotel-tumulus.com\/en\/wp-json\/wp\/v2\/users\/5"}],"replies":[{"embeddable":true,"href":"https:\/\/www.hotel-tumulus.com\/en\/wp-json\/wp\/v2\/comments?post=1110"}],"version-history":[{"count":4,"href":"https:\/\/www.hotel-tumulus.com\/en\/wp-json\/wp\/v2\/pages\/1110\/revisions"}],"predecessor-version":[{"id":9318,"href":"https:\/\/www.hotel-tumulus.com\/en\/wp-json\/wp\/v2\/pages\/1110\/revisions\/9318"}],"wp:attachment":[{"href":"https:\/\/www.hotel-tumulus.com\/en\/wp-json\/wp\/v2\/media?parent=1110"}],"curies":[{"name":"wp","href":"https:\/\/api.w.org\/{rel}","templated":true}]}}