{"id":1102,"date":"2019-10-03T14:33:36","date_gmt":"2019-10-03T12:33:36","guid":{"rendered":"http:\/\/horcmzp.cluster121.hosting.ovh.net\/contact\/"},"modified":"2019-10-08T11:02:07","modified_gmt":"2019-10-08T09:02:07","slug":"contact","status":"publish","type":"page","link":"https:\/\/www.hotel-tumulus.com\/en\/contact\/","title":{"rendered":"Contact"},"content":{"rendered":"\n<div class=\"wpcf7 no-js\" id=\"wpcf7-f1485-o1\" lang=\"en-US\" dir=\"ltr\" data-wpcf7-id=\"1485\">\n<div class=\"screen-reader-response\"><p role=\"status\" aria-live=\"polite\" aria-atomic=\"true\"><\/p> <ul><\/ul><\/div>\n<form action=\"\/en\/wp-json\/wp\/v2\/pages\/1102#wpcf7-f1485-o1\" method=\"post\" class=\"wpcf7-form init\" aria-label=\"Contact form\" novalidate=\"novalidate\" data-status=\"init\">\n<fieldset class=\"hidden-fields-container\"><input type=\"hidden\" name=\"_wpcf7\" value=\"1485\" \/><input type=\"hidden\" name=\"_wpcf7_version\" value=\"6.1.5\" \/><input type=\"hidden\" name=\"_wpcf7_locale\" value=\"en_US\" \/><input type=\"hidden\" name=\"_wpcf7_unit_tag\" value=\"wpcf7-f1485-o1\" \/><input type=\"hidden\" name=\"_wpcf7_container_post\" value=\"0\" \/><input type=\"hidden\" name=\"_wpcf7_posted_data_hash\" value=\"\" \/><input type=\"hidden\" name=\"_wpcf7_recaptcha_response\" value=\"\" \/>\n<\/fieldset>\n<p><label> Your last name (mandatory)<br \/>\n<span class=\"wpcf7-form-control-wrap\" data-name=\"nom\"><input size=\"40\" maxlength=\"400\" class=\"wpcf7-form-control wpcf7-text wpcf7-validates-as-required\" aria-required=\"true\" aria-invalid=\"false\" value=\"\" type=\"text\" name=\"nom\" \/><\/span> <\/label>\n<\/p>\n<p><label> Your first name (mandatory)<br \/>\n<span class=\"wpcf7-form-control-wrap\" data-name=\"prenom\"><input size=\"40\" maxlength=\"400\" class=\"wpcf7-form-control wpcf7-text wpcf7-validates-as-required\" aria-required=\"true\" aria-invalid=\"false\" value=\"\" type=\"text\" name=\"prenom\" \/><\/span> <\/label>\n<\/p>\n<p><label> Phone number (mandatory)<br \/>\n<span class=\"wpcf7-form-control-wrap\" data-name=\"telephone\"><input size=\"40\" maxlength=\"400\" class=\"wpcf7-form-control wpcf7-tel wpcf7-validates-as-required wpcf7-text wpcf7-validates-as-tel\" aria-required=\"true\" aria-invalid=\"false\" value=\"\" type=\"tel\" name=\"telephone\" \/><\/span> <\/label>\n<\/p>\n<p><label> Email address (mandatory)<br \/>\n<span class=\"wpcf7-form-control-wrap\" data-name=\"your-email\"><input size=\"40\" maxlength=\"400\" class=\"wpcf7-form-control wpcf7-email wpcf7-validates-as-required wpcf7-text wpcf7-validates-as-email\" aria-required=\"true\" aria-invalid=\"false\" value=\"\" type=\"email\" name=\"your-email\" \/><\/span> <\/label>\n<\/p>\n<p><label> Company<br \/>\n<span class=\"wpcf7-form-control-wrap\" data-name=\"societe\"><input size=\"40\" maxlength=\"400\" class=\"wpcf7-form-control wpcf7-text\" aria-invalid=\"false\" value=\"\" type=\"text\" name=\"societe\" \/><\/span> <\/label>\n<\/p>\n<p><label> Subject<br \/>\n<span class=\"wpcf7-form-control-wrap\" data-name=\"objet\"><input size=\"40\" maxlength=\"400\" class=\"wpcf7-form-control wpcf7-text\" aria-invalid=\"false\" value=\"\" type=\"text\" name=\"objet\" \/><\/span> <\/label>\n<\/p>\n<p><label> You message<br \/>\n<span class=\"wpcf7-form-control-wrap\" data-name=\"message\"><textarea cols=\"40\" rows=\"10\" maxlength=\"2000\" class=\"wpcf7-form-control wpcf7-textarea\" aria-invalid=\"false\" name=\"message\"><\/textarea><\/span> <\/label>\n<\/p>\n<p><span class=\"wpcf7-form-control-wrap\" data-name=\"acceptance-965\"><span class=\"wpcf7-form-control wpcf7-acceptance\"><span class=\"wpcf7-list-item\"><label><input type=\"checkbox\" name=\"acceptance-965\" value=\"1\" aria-invalid=\"false\" \/><span class=\"wpcf7-list-item-label\"><small style=\"opacity:.5\">\nJe consens \u00e0 ce que les donn\u00e9es que j'ai soumises soient collect\u00e9es et stock\u00e9es en vue d'\u00eatre utilis\u00e9es pour traiter ma demande. Les informations recueillies \u00e0 partir de ce formulaire sont enregistr\u00e9es et transmises aux personnels de notre entreprise charg\u00e9s du traitement de votre message. Voir <a href=\"\/politique-de-confidentialite\">notre politique de protection des donn\u00e9es personnelles<\/a>. Vous disposez d'un droit d'acc\u00e8s, de rectification et d'opposition aux donn\u00e9es vous concernant, que vous pouvez exercer en nous envoyant un email \u00e0 l\u2019adresse suivante : info@horcmzp.cluster121.hosting.ovh.net<\/small><\/span><\/label><\/span><\/span><\/span><br \/>\n<span class=\"wpcf7-form-control-wrap recaptcha\" data-name=\"recaptcha\"><span data-sitekey=\"6LeUfboUAAAAACB-yUMYT2e3k7zCsWiIO_CARFl_\" data-size=\"compact\" class=\"wpcf7-form-control wpcf7-recaptcha g-recaptcha\"><\/span>\r\n<noscript>\r\n\t<div class=\"grecaptcha-noscript\">\r\n\t\t<iframe loading=\"lazy\" src=\"https:\/\/www.google.com\/recaptcha\/api\/fallback?k=6LeUfboUAAAAACB-yUMYT2e3k7zCsWiIO_CARFl_\" frameborder=\"0\" scrolling=\"no\" width=\"310\" height=\"430\">\r\n\t\t<\/iframe>\r\n\t\t<textarea name=\"g-recaptcha-response\" rows=\"3\" cols=\"40\" placeholder=\"reCaptcha Response Here\">\r\n\t\t<\/textarea>\r\n\t<\/div>\r\n<\/noscript>\r\n<\/span><br \/>\n<input class=\"wpcf7-form-control wpcf7-submit has-spinner\" type=\"submit\" value=\"Envoyer\" \/>\n<\/p><div class=\"wpcf7-response-output\" aria-hidden=\"true\"><\/div>\n<\/form>\n<\/div>\n\n","protected":false},"excerpt":{"rendered":"<p> [&#8230;]<\/p>\n<p><a class=\"btn btn-secondary understrap-read-more-link\" href=\"https:\/\/www.hotel-tumulus.com\/en\/contact\/\">Read More&#8230;<\/a><\/p>\n","protected":false},"author":5,"featured_media":0,"parent":0,"menu_order":12,"comment_status":"closed","ping_status":"closed","template":"page-templates\/contact.php","meta":{"_acf_changed":false,"footnotes":""},"class_list":["post-1102","page","type-page","status-publish","hentry"],"acf":[],"yoast_head":"<!-- This site is optimized with the Yoast SEO plugin v27.4 - https:\/\/yoast.com\/product\/yoast-seo-wordpress\/ -->\n<title>Contact - Le Tumulus Carnac<\/title>\n<meta name=\"robots\" content=\"index, follow, max-snippet:-1, max-image-preview:large, max-video-preview:-1\" \/>\n<link rel=\"canonical\" href=\"https:\/\/www.hotel-tumulus.com\/en\/contact\/\" \/>\n<meta property=\"og:locale\" content=\"en_US\" \/>\n<meta property=\"og:type\" content=\"article\" \/>\n<meta property=\"og:title\" content=\"Contact - Le Tumulus Carnac\" \/>\n<meta property=\"og:description\" content=\"[...]Read More...\" \/>\n<meta property=\"og:url\" content=\"https:\/\/www.hotel-tumulus.com\/en\/contact\/\" \/>\n<meta property=\"og:site_name\" content=\"Le Tumulus Carnac\" \/>\n<meta property=\"article:modified_time\" content=\"2019-10-08T09:02:07+00:00\" \/>\n<meta name=\"twitter:card\" content=\"summary_large_image\" \/>\n<script type=\"application\/ld+json\" class=\"yoast-schema-graph\">{\"@context\":\"https:\\\/\\\/schema.org\",\"@graph\":[{\"@type\":\"WebPage\",\"@id\":\"https:\\\/\\\/www.hotel-tumulus.com\\\/en\\\/contact\\\/\",\"url\":\"https:\\\/\\\/www.hotel-tumulus.com\\\/en\\\/contact\\\/\",\"name\":\"Contact - Le Tumulus Carnac\",\"isPartOf\":{\"@id\":\"https:\\\/\\\/www.hotel-tumulus.com\\\/en\\\/#website\"},\"datePublished\":\"2019-10-03T12:33:36+00:00\",\"dateModified\":\"2019-10-08T09:02:07+00:00\",\"breadcrumb\":{\"@id\":\"https:\\\/\\\/www.hotel-tumulus.com\\\/en\\\/contact\\\/#breadcrumb\"},\"inLanguage\":\"en-US\",\"potentialAction\":[{\"@type\":\"ReadAction\",\"target\":[\"https:\\\/\\\/www.hotel-tumulus.com\\\/en\\\/contact\\\/\"]}]},{\"@type\":\"BreadcrumbList\",\"@id\":\"https:\\\/\\\/www.hotel-tumulus.com\\\/en\\\/contact\\\/#breadcrumb\",\"itemListElement\":[{\"@type\":\"ListItem\",\"position\":1,\"name\":\"Home\",\"item\":\"https:\\\/\\\/www.hotel-tumulus.com\\\/en\\\/\"},{\"@type\":\"ListItem\",\"position\":2,\"name\":\"Contact\"}]},{\"@type\":\"WebSite\",\"@id\":\"https:\\\/\\\/www.hotel-tumulus.com\\\/en\\\/#website\",\"url\":\"https:\\\/\\\/www.hotel-tumulus.com\\\/en\\\/\",\"name\":\"Le Tumulus Carnac\",\"description\":\"H\u00f4tel 3 Etoiles Carnac - Morbihan - France\",\"publisher\":{\"@id\":\"https:\\\/\\\/www.hotel-tumulus.com\\\/en\\\/#organization\"},\"potentialAction\":[{\"@type\":\"SearchAction\",\"target\":{\"@type\":\"EntryPoint\",\"urlTemplate\":\"https:\\\/\\\/www.hotel-tumulus.com\\\/en\\\/?s={search_term_string}\"},\"query-input\":{\"@type\":\"PropertyValueSpecification\",\"valueRequired\":true,\"valueName\":\"search_term_string\"}}],\"inLanguage\":\"en-US\"},{\"@type\":\"Organization\",\"@id\":\"https:\\\/\\\/www.hotel-tumulus.com\\\/en\\\/#organization\",\"name\":\"H\u00f4tel Restaurant le Tumulus\",\"url\":\"https:\\\/\\\/www.hotel-tumulus.com\\\/en\\\/\",\"logo\":{\"@type\":\"ImageObject\",\"inLanguage\":\"en-US\",\"@id\":\"https:\\\/\\\/www.hotel-tumulus.com\\\/en\\\/#\\\/schema\\\/logo\\\/image\\\/\",\"url\":\"http:\\\/\\\/www.hotel-tumulus.com\\\/wp-content\\\/uploads\\\/2019\\\/09\\\/favicon.png\",\"contentUrl\":\"http:\\\/\\\/www.hotel-tumulus.com\\\/wp-content\\\/uploads\\\/2019\\\/09\\\/favicon.png\",\"width\":512,\"height\":512,\"caption\":\"H\u00f4tel Restaurant le Tumulus\"},\"image\":{\"@id\":\"https:\\\/\\\/www.hotel-tumulus.com\\\/en\\\/#\\\/schema\\\/logo\\\/image\\\/\"}}]}<\/script>\n<!-- \/ Yoast SEO plugin. -->","yoast_head_json":{"title":"Contact - Le Tumulus Carnac","robots":{"index":"index","follow":"follow","max-snippet":"max-snippet:-1","max-image-preview":"max-image-preview:large","max-video-preview":"max-video-preview:-1"},"canonical":"https:\/\/www.hotel-tumulus.com\/en\/contact\/","og_locale":"en_US","og_type":"article","og_title":"Contact - Le Tumulus Carnac","og_description":"[...]Read More...","og_url":"https:\/\/www.hotel-tumulus.com\/en\/contact\/","og_site_name":"Le Tumulus Carnac","article_modified_time":"2019-10-08T09:02:07+00:00","twitter_card":"summary_large_image","schema":{"@context":"https:\/\/schema.org","@graph":[{"@type":"WebPage","@id":"https:\/\/www.hotel-tumulus.com\/en\/contact\/","url":"https:\/\/www.hotel-tumulus.com\/en\/contact\/","name":"Contact - Le Tumulus Carnac","isPartOf":{"@id":"https:\/\/www.hotel-tumulus.com\/en\/#website"},"datePublished":"2019-10-03T12:33:36+00:00","dateModified":"2019-10-08T09:02:07+00:00","breadcrumb":{"@id":"https:\/\/www.hotel-tumulus.com\/en\/contact\/#breadcrumb"},"inLanguage":"en-US","potentialAction":[{"@type":"ReadAction","target":["https:\/\/www.hotel-tumulus.com\/en\/contact\/"]}]},{"@type":"BreadcrumbList","@id":"https:\/\/www.hotel-tumulus.com\/en\/contact\/#breadcrumb","itemListElement":[{"@type":"ListItem","position":1,"name":"Home","item":"https:\/\/www.hotel-tumulus.com\/en\/"},{"@type":"ListItem","position":2,"name":"Contact"}]},{"@type":"WebSite","@id":"https:\/\/www.hotel-tumulus.com\/en\/#website","url":"https:\/\/www.hotel-tumulus.com\/en\/","name":"Le Tumulus Carnac","description":"H\u00f4tel 3 Etoiles Carnac - Morbihan - France","publisher":{"@id":"https:\/\/www.hotel-tumulus.com\/en\/#organization"},"potentialAction":[{"@type":"SearchAction","target":{"@type":"EntryPoint","urlTemplate":"https:\/\/www.hotel-tumulus.com\/en\/?s={search_term_string}"},"query-input":{"@type":"PropertyValueSpecification","valueRequired":true,"valueName":"search_term_string"}}],"inLanguage":"en-US"},{"@type":"Organization","@id":"https:\/\/www.hotel-tumulus.com\/en\/#organization","name":"H\u00f4tel Restaurant le Tumulus","url":"https:\/\/www.hotel-tumulus.com\/en\/","logo":{"@type":"ImageObject","inLanguage":"en-US","@id":"https:\/\/www.hotel-tumulus.com\/en\/#\/schema\/logo\/image\/","url":"http:\/\/www.hotel-tumulus.com\/wp-content\/uploads\/2019\/09\/favicon.png","contentUrl":"http:\/\/www.hotel-tumulus.com\/wp-content\/uploads\/2019\/09\/favicon.png","width":512,"height":512,"caption":"H\u00f4tel Restaurant le Tumulus"},"image":{"@id":"https:\/\/www.hotel-tumulus.com\/en\/#\/schema\/logo\/image\/"}}]}},"_links":{"self":[{"href":"https:\/\/www.hotel-tumulus.com\/en\/wp-json\/wp\/v2\/pages\/1102","targetHints":{"allow":["GET"]}}],"collection":[{"href":"https:\/\/www.hotel-tumulus.com\/en\/wp-json\/wp\/v2\/pages"}],"about":[{"href":"https:\/\/www.hotel-tumulus.com\/en\/wp-json\/wp\/v2\/types\/page"}],"author":[{"embeddable":true,"href":"https:\/\/www.hotel-tumulus.com\/en\/wp-json\/wp\/v2\/users\/5"}],"replies":[{"embeddable":true,"href":"https:\/\/www.hotel-tumulus.com\/en\/wp-json\/wp\/v2\/comments?post=1102"}],"version-history":[{"count":8,"href":"https:\/\/www.hotel-tumulus.com\/en\/wp-json\/wp\/v2\/pages\/1102\/revisions"}],"predecessor-version":[{"id":1486,"href":"https:\/\/www.hotel-tumulus.com\/en\/wp-json\/wp\/v2\/pages\/1102\/revisions\/1486"}],"wp:attachment":[{"href":"https:\/\/www.hotel-tumulus.com\/en\/wp-json\/wp\/v2\/media?parent=1102"}],"curies":[{"name":"wp","href":"https:\/\/api.w.org\/{rel}","templated":true}]}}